{"id":1671,"date":"2017-01-09T12:34:08","date_gmt":"2017-01-09T11:34:08","guid":{"rendered":"http:\/\/www.grcpoland.com\/en\/?page_id=1671"},"modified":"2018-08-03T13:51:09","modified_gmt":"2018-08-03T11:51:09","slug":"taprogge-condenser-tube-cleaning-systems","status":"publish","type":"page","link":"https:\/\/www.grc.pl\/en\/our-offer\/taprogge-condenser-tube-cleaning-systems\/","title":{"rendered":"Taprogge- condenser tube cleaning systems"},"content":{"rendered":"<p><a href=\"\/wp-content\/uploads\/TAPROGGE-KULKI-GABCZASTE.jpg\" rel=\"lightbox\" data-rel=\"lightbox-image-0\" data-rl_title=\"\" data-rl_caption=\"\" title=\"\"><img loading=\"lazy\" decoding=\"async\" class=\"size-medium wp-image-192 alignright\" src=\"\/wp-content\/uploads\/TAPROGGE-KULKI-GABCZASTE-300x207.jpg\" alt=\"TAPROGGE KULKI GABCZASTE\" width=\"300\" height=\"207\" srcset=\"https:\/\/www.grc.pl\/wp-content\/uploads\/TAPROGGE-KULKI-GABCZASTE-300x207.jpg 300w, https:\/\/www.grc.pl\/wp-content\/uploads\/TAPROGGE-KULKI-GABCZASTE.jpg 950w\" sizes=\"auto, (max-width: 300px) 100vw, 300px\" \/><\/a>As the exclusive distributor of the Taprogge cleaning systems , spare parts and claening balls in Poland, \u00a0we want to present the cleaning systems with\u00a0\u00a0flexible rubber sponges permanently circulating in the system , which solve problems with \u00a0cleanliness of the inner surface and maintain the heat transfer of the heat exchanger &#8211;\u00a0\u00a0short \u00a0payback time \u00a0of 0.5 till 2 years.<\/p>\n<p>Micro fouling \u00a0causes a rise of the heat consumption of a turbine unit by \u00a0between 1 and 2%.<\/p>\n<p>Taprogge cleaning\/ filtration \u00a0systems application:<\/p>\n<ul>\n<li>Cooling water circuits of power stations , \u00a0seawater desalination plants and in industry yield thermal performance gains.<\/li>\n<li>Major and auxiliary power cooling plant circuits: power plants, \u00a0chemical, petrochemical, steel industry \u00a0etc.<\/li>\n<\/ul>\n<p>We offer the Taprogge solutions \u00a0for new investments.<\/p>\n<h2>Advantages:<\/h2>\n<p>Monta\u017c Instalacji pozwala osi\u0105gn\u0105\u0107 nast\u0119puj\u0105ce efekty:<\/p>\n<ul>\n<li>Efficiency and availability by permanently constant heat transfer of the heat exchanger and condensers<\/li>\n<li>Reduction of primary energy costs , increase turbine output<\/li>\n<li>Relief of environmental burden by saved fuel\u00a0\u00a0( reduction SO2, NOx, CO2)<\/li>\n<li>Equipement longer lifetime<\/li>\n<li>Reduces corrosion in the heat exchangers<\/li>\n<li>No unplanned stand-by<\/li>\n<li>Wide range of claning balls<\/li>\n<\/ul>\n<h2 style=\"text-align: center;\">GRC service and Taprogge technical support<\/h2>\n<div class=\"row\">\n<div class=\"col-sm-12\" style=\"text-align: center;\"><a href=\"\/wp-content\/uploads\/instalacja_przed.png\" rel=\"lightbox\" data-rel=\"lightbox-image-1\" data-rl_title=\"\" data-rl_caption=\"\" title=\"\"><img loading=\"lazy\" decoding=\"async\" class=\"size-full wp-image-198 aligncenter\" src=\"\/wp-content\/uploads\/instalacja_przed.png\" alt=\"instalacja_przed\" width=\"167\" height=\"100\" \/><\/a><br \/>\nBEFORE APPLICATION TAPROGGE SOLUTION<\/div>\n<div class=\"col-sm-12\" style=\"text-align: center;\"><a href=\"\/wp-content\/uploads\/instalacja_po.png\" rel=\"lightbox\" data-rel=\"lightbox-image-2\" data-rl_title=\"\" data-rl_caption=\"\" title=\"\"><img loading=\"lazy\" decoding=\"async\" class=\"size-full wp-image-199 aligncenter\" src=\"\/wp-content\/uploads\/instalacja_po.png\" alt=\"instalacja_po\" width=\"192\" height=\"97\" \/><\/a><br \/>\nAFTER 14 000 BALLS CIRCUITS<\/div>\n<\/div>\n","protected":false},"excerpt":{"rendered":"<p>As the exclusive distributor of the Taprogge cleaning systems , spare parts and claening balls in Poland, \u00a0we want to&#8230;  <a href=\"https:\/\/www.grc.pl\/en\/our-offer\/taprogge-condenser-tube-cleaning-systems\/\" class=\"btn btn-primary btn-excerpt\" title=\"Taprogge- condenser tube cleaning systems\">Zobacz wi\u0119cej<\/a><\/p>\n","protected":false},"author":2,"featured_media":2046,"parent":1661,"menu_order":1,"comment_status":"closed","ping_status":"closed","template":"templates\/page-submenu.php","meta":{"_acf_changed":false,"footnotes":""},"class_list":["post-1671","page","type-page","status-publish","has-post-thumbnail","hentry"],"acf":[],"yoast_head":"<!-- This site is optimized with the Yoast SEO plugin v27.3 - https:\/\/yoast.com\/product\/yoast-seo-wordpress\/ -->\n<title>Taprogge- condenser tube cleaning systems - TRANSPORT PNEUMATYCZNY UCC FLAKT, DONALDSON POLSKA ULTRAFILTER FILTRY UZDATNIANIE POWIETRZA OSUSZACZE THORTEX UNIREP 3M - GRC<\/title>\n<meta name=\"description\" content=\"As the exclusive distributor of the Taprogge cleaning systems , spare parts and claening balls in Poland, \u00a0we want to present the cleaning systems\" \/>\n<meta name=\"robots\" content=\"index, follow, max-snippet:-1, max-image-preview:large, max-video-preview:-1\" \/>\n<link rel=\"canonical\" href=\"https:\/\/www.grc.pl\/en\/our-offer\/taprogge-condenser-tube-cleaning-systems\/\" \/>\n<meta property=\"og:locale\" content=\"en_US\" \/>\n<meta property=\"og:type\" content=\"article\" \/>\n<meta property=\"og:title\" content=\"Taprogge- condenser tube cleaning systems - TRANSPORT PNEUMATYCZNY UCC FLAKT, DONALDSON POLSKA ULTRAFILTER FILTRY UZDATNIANIE POWIETRZA OSUSZACZE THORTEX UNIREP 3M - GRC\" \/>\n<meta property=\"og:description\" content=\"As the exclusive distributor of the Taprogge cleaning systems , spare parts and claening balls in Poland, \u00a0we want to present the cleaning systems\" \/>\n<meta property=\"og:url\" content=\"https:\/\/www.grc.pl\/en\/our-offer\/taprogge-condenser-tube-cleaning-systems\/\" \/>\n<meta property=\"og:site_name\" content=\"GRC\" \/>\n<meta property=\"article:modified_time\" content=\"2018-08-03T11:51:09+00:00\" \/>\n<meta property=\"og:image\" content=\"https:\/\/www.grc.pl\/wp-content\/uploads\/taprogge2.png\" \/>\n\t<meta property=\"og:image:width\" content=\"400\" \/>\n\t<meta property=\"og:image:height\" content=\"350\" \/>\n\t<meta property=\"og:image:type\" content=\"image\/png\" \/>\n<meta name=\"twitter:card\" content=\"summary_large_image\" \/>\n<meta name=\"twitter:label1\" content=\"Est. reading time\" \/>\n\t<meta name=\"twitter:data1\" content=\"1 minute\" \/>\n<script type=\"application\/ld+json\" class=\"yoast-schema-graph\">{\"@context\":\"https:\\\/\\\/schema.org\",\"@graph\":[{\"@type\":\"WebPage\",\"@id\":\"https:\\\/\\\/www.grc.pl\\\/en\\\/our-offer\\\/taprogge-condenser-tube-cleaning-systems\\\/\",\"url\":\"https:\\\/\\\/www.grc.pl\\\/en\\\/our-offer\\\/taprogge-condenser-tube-cleaning-systems\\\/\",\"name\":\"Taprogge- condenser tube cleaning systems - TRANSPORT PNEUMATYCZNY UCC FLAKT, DONALDSON POLSKA ULTRAFILTER FILTRY UZDATNIANIE POWIETRZA OSUSZACZE THORTEX UNIREP 3M - GRC\",\"isPartOf\":{\"@id\":\"https:\\\/\\\/www.grc.pl\\\/#website\"},\"primaryImageOfPage\":{\"@id\":\"https:\\\/\\\/www.grc.pl\\\/en\\\/our-offer\\\/taprogge-condenser-tube-cleaning-systems\\\/#primaryimage\"},\"image\":{\"@id\":\"https:\\\/\\\/www.grc.pl\\\/en\\\/our-offer\\\/taprogge-condenser-tube-cleaning-systems\\\/#primaryimage\"},\"thumbnailUrl\":\"https:\\\/\\\/www.grc.pl\\\/wp-content\\\/uploads\\\/taprogge2.png\",\"datePublished\":\"2017-01-09T11:34:08+00:00\",\"dateModified\":\"2018-08-03T11:51:09+00:00\",\"description\":\"As the exclusive distributor of the Taprogge cleaning systems , spare parts and claening balls in Poland, \u00a0we want to present the cleaning systems\",\"breadcrumb\":{\"@id\":\"https:\\\/\\\/www.grc.pl\\\/en\\\/our-offer\\\/taprogge-condenser-tube-cleaning-systems\\\/#breadcrumb\"},\"inLanguage\":\"en-US\",\"potentialAction\":[{\"@type\":\"ReadAction\",\"target\":[\"https:\\\/\\\/www.grc.pl\\\/en\\\/our-offer\\\/taprogge-condenser-tube-cleaning-systems\\\/\"]}]},{\"@type\":\"ImageObject\",\"inLanguage\":\"en-US\",\"@id\":\"https:\\\/\\\/www.grc.pl\\\/en\\\/our-offer\\\/taprogge-condenser-tube-cleaning-systems\\\/#primaryimage\",\"url\":\"https:\\\/\\\/www.grc.pl\\\/wp-content\\\/uploads\\\/taprogge2.png\",\"contentUrl\":\"https:\\\/\\\/www.grc.pl\\\/wp-content\\\/uploads\\\/taprogge2.png\",\"width\":400,\"height\":350},{\"@type\":\"BreadcrumbList\",\"@id\":\"https:\\\/\\\/www.grc.pl\\\/en\\\/our-offer\\\/taprogge-condenser-tube-cleaning-systems\\\/#breadcrumb\",\"itemListElement\":[{\"@type\":\"ListItem\",\"position\":1,\"name\":\"Homepage\",\"item\":\"https:\\\/\\\/www.grc.pl\\\/en\\\/\"},{\"@type\":\"ListItem\",\"position\":2,\"name\":\"OUR OFFER\",\"item\":\"https:\\\/\\\/www.grc.pl\\\/en\\\/our-offer\\\/\"},{\"@type\":\"ListItem\",\"position\":3,\"name\":\"Taprogge- condenser tube cleaning systems\"}]},{\"@type\":\"WebSite\",\"@id\":\"https:\\\/\\\/www.grc.pl\\\/#website\",\"url\":\"https:\\\/\\\/www.grc.pl\\\/\",\"name\":\"GRC\",\"description\":\"Takraf, Nirafon, Mark and Wedell, Taprogge Polska, Elin Motoren\",\"potentialAction\":[{\"@type\":\"SearchAction\",\"target\":{\"@type\":\"EntryPoint\",\"urlTemplate\":\"https:\\\/\\\/www.grc.pl\\\/?s={search_term_string}\"},\"query-input\":{\"@type\":\"PropertyValueSpecification\",\"valueRequired\":true,\"valueName\":\"search_term_string\"}}],\"inLanguage\":\"en-US\"}]}<\/script>\n<!-- \/ Yoast SEO plugin. -->","yoast_head_json":{"title":"Taprogge- condenser tube cleaning systems - TRANSPORT PNEUMATYCZNY UCC FLAKT, DONALDSON POLSKA ULTRAFILTER FILTRY UZDATNIANIE POWIETRZA OSUSZACZE THORTEX UNIREP 3M - GRC","description":"As the exclusive distributor of the Taprogge cleaning systems , spare parts and claening balls in Poland, \u00a0we want to present the cleaning systems","robots":{"index":"index","follow":"follow","max-snippet":"max-snippet:-1","max-image-preview":"max-image-preview:large","max-video-preview":"max-video-preview:-1"},"canonical":"https:\/\/www.grc.pl\/en\/our-offer\/taprogge-condenser-tube-cleaning-systems\/","og_locale":"en_US","og_type":"article","og_title":"Taprogge- condenser tube cleaning systems - TRANSPORT PNEUMATYCZNY UCC FLAKT, DONALDSON POLSKA ULTRAFILTER FILTRY UZDATNIANIE POWIETRZA OSUSZACZE THORTEX UNIREP 3M - GRC","og_description":"As the exclusive distributor of the Taprogge cleaning systems , spare parts and claening balls in Poland, \u00a0we want to present the cleaning systems","og_url":"https:\/\/www.grc.pl\/en\/our-offer\/taprogge-condenser-tube-cleaning-systems\/","og_site_name":"GRC","article_modified_time":"2018-08-03T11:51:09+00:00","og_image":[{"width":400,"height":350,"url":"https:\/\/www.grc.pl\/wp-content\/uploads\/taprogge2.png","type":"image\/png"}],"twitter_card":"summary_large_image","twitter_misc":{"Est. reading time":"1 minute"},"schema":{"@context":"https:\/\/schema.org","@graph":[{"@type":"WebPage","@id":"https:\/\/www.grc.pl\/en\/our-offer\/taprogge-condenser-tube-cleaning-systems\/","url":"https:\/\/www.grc.pl\/en\/our-offer\/taprogge-condenser-tube-cleaning-systems\/","name":"Taprogge- condenser tube cleaning systems - TRANSPORT PNEUMATYCZNY UCC FLAKT, DONALDSON POLSKA ULTRAFILTER FILTRY UZDATNIANIE POWIETRZA OSUSZACZE THORTEX UNIREP 3M - GRC","isPartOf":{"@id":"https:\/\/www.grc.pl\/#website"},"primaryImageOfPage":{"@id":"https:\/\/www.grc.pl\/en\/our-offer\/taprogge-condenser-tube-cleaning-systems\/#primaryimage"},"image":{"@id":"https:\/\/www.grc.pl\/en\/our-offer\/taprogge-condenser-tube-cleaning-systems\/#primaryimage"},"thumbnailUrl":"https:\/\/www.grc.pl\/wp-content\/uploads\/taprogge2.png","datePublished":"2017-01-09T11:34:08+00:00","dateModified":"2018-08-03T11:51:09+00:00","description":"As the exclusive distributor of the Taprogge cleaning systems , spare parts and claening balls in Poland, \u00a0we want to present the cleaning systems","breadcrumb":{"@id":"https:\/\/www.grc.pl\/en\/our-offer\/taprogge-condenser-tube-cleaning-systems\/#breadcrumb"},"inLanguage":"en-US","potentialAction":[{"@type":"ReadAction","target":["https:\/\/www.grc.pl\/en\/our-offer\/taprogge-condenser-tube-cleaning-systems\/"]}]},{"@type":"ImageObject","inLanguage":"en-US","@id":"https:\/\/www.grc.pl\/en\/our-offer\/taprogge-condenser-tube-cleaning-systems\/#primaryimage","url":"https:\/\/www.grc.pl\/wp-content\/uploads\/taprogge2.png","contentUrl":"https:\/\/www.grc.pl\/wp-content\/uploads\/taprogge2.png","width":400,"height":350},{"@type":"BreadcrumbList","@id":"https:\/\/www.grc.pl\/en\/our-offer\/taprogge-condenser-tube-cleaning-systems\/#breadcrumb","itemListElement":[{"@type":"ListItem","position":1,"name":"Homepage","item":"https:\/\/www.grc.pl\/en\/"},{"@type":"ListItem","position":2,"name":"OUR OFFER","item":"https:\/\/www.grc.pl\/en\/our-offer\/"},{"@type":"ListItem","position":3,"name":"Taprogge- condenser tube cleaning systems"}]},{"@type":"WebSite","@id":"https:\/\/www.grc.pl\/#website","url":"https:\/\/www.grc.pl\/","name":"GRC","description":"Takraf, Nirafon, Mark and Wedell, Taprogge Polska, Elin Motoren","potentialAction":[{"@type":"SearchAction","target":{"@type":"EntryPoint","urlTemplate":"https:\/\/www.grc.pl\/?s={search_term_string}"},"query-input":{"@type":"PropertyValueSpecification","valueRequired":true,"valueName":"search_term_string"}}],"inLanguage":"en-US"}]}},"_links":{"self":[{"href":"https:\/\/www.grc.pl\/en\/wp-json\/wp\/v2\/pages\/1671","targetHints":{"allow":["GET"]}}],"collection":[{"href":"https:\/\/www.grc.pl\/en\/wp-json\/wp\/v2\/pages"}],"about":[{"href":"https:\/\/www.grc.pl\/en\/wp-json\/wp\/v2\/types\/page"}],"author":[{"embeddable":true,"href":"https:\/\/www.grc.pl\/en\/wp-json\/wp\/v2\/users\/2"}],"replies":[{"embeddable":true,"href":"https:\/\/www.grc.pl\/en\/wp-json\/wp\/v2\/comments?post=1671"}],"version-history":[{"count":6,"href":"https:\/\/www.grc.pl\/en\/wp-json\/wp\/v2\/pages\/1671\/revisions"}],"predecessor-version":[{"id":1887,"href":"https:\/\/www.grc.pl\/en\/wp-json\/wp\/v2\/pages\/1671\/revisions\/1887"}],"up":[{"embeddable":true,"href":"https:\/\/www.grc.pl\/en\/wp-json\/wp\/v2\/pages\/1661"}],"wp:featuredmedia":[{"embeddable":true,"href":"https:\/\/www.grc.pl\/en\/wp-json\/wp\/v2\/media\/2046"}],"wp:attachment":[{"href":"https:\/\/www.grc.pl\/en\/wp-json\/wp\/v2\/media?parent=1671"}],"curies":[{"name":"wp","href":"https:\/\/api.w.org\/{rel}","templated":true}]}}