{"id":1892,"date":"2016-06-23T14:55:28","date_gmt":"2016-06-23T12:55:28","guid":{"rendered":"http:\/\/www.grcpoland.com\/our-offer\/taprogge-condenser-tube-cleaning-systems\/kulki-czyszczace-gabczaste\/"},"modified":"2017-07-10T12:18:24","modified_gmt":"2017-07-10T10:18:24","slug":"kulki-czyszczace-gabczaste","status":"publish","type":"page","link":"https:\/\/www.grc.pl\/en\/our-offer\/taprogge-condenser-tube-cleaning-systems\/kulki-czyszczace-gabczaste\/","title":{"rendered":"Cleaning balls"},"content":{"rendered":"<div class=\"row\">\n<div class=\"col-sm-6 text-center\"><a href=\"\/wp-content\/uploads\/kulki_g\u0105bczaste.png\" rel=\"lightbox\" data-rel=\"lightbox-image-0\" data-rl_title=\"\" data-rl_caption=\"\" title=\"\"><img loading=\"lazy\" decoding=\"async\" class=\"alignnone size-full wp-image-219\" src=\"\/wp-content\/uploads\/kulki_g\u0105bczaste.png\" alt=\"kulki_g\u0105bczaste\" width=\"217\" height=\"179\" \/><\/a><\/div>\n<div class=\"col-sm-18\">\n<p>Rubber &#8211; sponge cleaning beads are the basis of Taprogge cleaning systems and are suitable for any type of cooling water systems to 80 \u00b0 C.<\/p>\n<h2>Balls selection<\/h2>\n<p>Istotne parametry do prawid\u0142owego doboru kulek to: materia\u0142 rur ch\u0142odz\u0105cych, geometria rur, pr\u0119dko\u015b\u0107 i temperatura wody oraz biologia i sk\u0142ad chemiczny wody, jak r\u00f3wnie\u017c dane hydrauliczne i konstrukcyjne instalacji .<\/p>\n<p>Important parameters for the right balls selection are: type of cooling water tube material, pipe geometry, water velocity and temperature and water biology and chemical composition \u00a0as well as hydraulic and design \u00a0data of the installed system.<\/p>\n<h2>Balls type<\/h2>\n<p>Standard range of balls in diameters from \u00a014 till \u00a044 mm.<br \/>\nThe different tube material \u00a0tend to typical appearances of fouling, scaling and corrosion.<\/p>\n<p>Ball \u00a0types respond to those \u00a0appearances by their material properties and coating.<\/p>\n<\/div>\n<\/div>\n<div class=\"row\">\n<div class=\"col-sm-6 text-center\"><a href=\"\/wp-content\/uploads\/kulka-czyszczaca.jpg\" rel=\"lightbox\" data-rel=\"lightbox-image-1\" data-rl_title=\"\" data-rl_caption=\"\" title=\"\"><img loading=\"lazy\" decoding=\"async\" class=\"alignnone size-full wp-image-223\" src=\"\/wp-content\/uploads\/kulka-czyszczaca.jpg\" alt=\"kulka-czyszczaca\" width=\"70\" height=\"70\" \/><\/a><\/div>\n<div class=\"col-sm-18\">\n<h2>Balls Nomenclature<\/h2>\n<p>27 &#8211; S 16 0 \u2013 3<\/p>\n<p>27- nominal ball diameter \u00a0(mm) \u00a0depends on \u00a0pipe diameter \u00a0and cooling watwer velocity. Often 1-3 mm\u00a0biggest than pipe wall diameter.<\/p>\n<p>S &#8211; ball type<\/p>\n<p>16 &#8211; ball recipe no. 16<br \/>\n0 &#8211; fiels of tolerance\u00a0\u00a027-28mm<br \/>\n3 &#8211; hardness degree \u00a0(elasticity) 3 normal<\/p>\n<\/div>\n<\/div>\n<div class=\"row\">\n<div class=\"col-sm-24\">\n<div class=\"table-responsive\">\n<table class=\"table table-hover\">\n<thead>\n<tr>\n<th>Ball type<\/th>\n<th>Ball recipey<\/th>\n<th>Fiel of tolerance<\/th>\n<th>Hardness<\/p>\n<p>degree<\/th>\n<\/tr>\n<\/thead>\n<tbody>\n<tr>\n<td>G &#8211;\u00a0plastic granulate ball<\/td>\n<td>11 &#8211; green<\/td>\n<td>1 standard<\/td>\n<td>1 soft<\/td>\n<\/tr>\n<tr>\n<td>L &#8211; long life ball<\/td>\n<td>13 &#8211;\u00a0orange<\/td>\n<td>1 special balls<\/td>\n<td>2 soft\/ normal<\/td>\n<\/tr>\n<tr>\n<td>P &#8211;\u00a0polishing ball<\/td>\n<td>15 &#8211; brown<\/td>\n<td>2 special balls<\/td>\n<td>3 normal<\/td>\n<\/tr>\n<tr>\n<td>R &#8211;\u00a0ring coated corundum ball<\/td>\n<td>16 &#8211;\u00a0dark blue<\/td>\n<td><\/td>\n<td>4 normal\/hard<\/td>\n<\/tr>\n<tr>\n<td>S &#8211;\u00a0sponge ball<\/td>\n<td>20 &#8211;\u00a0blue<\/td>\n<td><\/td>\n<td>5 hard<\/td>\n<\/tr>\n<tr>\n<td>T &#8211;\u00a0totally coated corundum ball<\/td>\n<td>22 &#8211;\u00a0red<\/td>\n<td><\/td>\n<td>6 extra hard<\/td>\n<\/tr>\n<tr>\n<td><\/td>\n<td>30 &#8211; light brown<\/td>\n<td><\/td>\n<td><\/td>\n<\/tr>\n<\/tbody>\n<\/table>\n<\/div>\n<\/div>\n<\/div>\n<div class=\"row\">\n<div class=\"col-sm-6 text-center\"><a href=\"\/wp-content\/uploads\/typy-kulek.jpg\" rel=\"lightbox\" data-rel=\"lightbox-image-2\" data-rl_title=\"\" data-rl_caption=\"\" title=\"\"><img loading=\"lazy\" decoding=\"async\" class=\"alignnone size-full wp-image-224\" src=\"\/wp-content\/uploads\/typy-kulek.jpg\" alt=\"typy-kulek\" width=\"286\" height=\"206\" \/><\/a><\/div>\n<div class=\"col-sm-18\">\n<h2>cleaning frequency<\/h2>\n<p>With \u00a0stainless steel \u00a0and titanium tubes has average cleaning frequency of 12 cleaning balls per hour and tube.<\/p>\n<h2>Ball distribution<\/h2>\n<p>The distribution is influenced by the ball distribution in the cooling water inlet pipe, the flow conditions in the waterboxes and especially by the properties of the Taprogge balls<\/p>\n<h2>Ball lifetime<\/h2>\n<p>Essential factor of the ball \u00a0lifetime are: \u00a0tube roughness, degree of fouling of the tubes , and type of fouling. \u00a0The gegree of waer of cleaning balls fluctuates between a few days and approx. \u00a04 \u00a0weeks.<\/p>\n<p>&nbsp;<\/p>\n<\/div>\n<\/div>\n","protected":false},"excerpt":{"rendered":"<p>Rubber &#8211; sponge cleaning beads are the basis of Taprogge cleaning systems and are suitable for any type of cooling&#8230;  <a href=\"https:\/\/www.grc.pl\/en\/our-offer\/taprogge-condenser-tube-cleaning-systems\/kulki-czyszczace-gabczaste\/\" class=\"btn btn-primary btn-excerpt\" title=\"Cleaning balls\">Zobacz wi\u0119cej<\/a><\/p>\n","protected":false},"author":1,"featured_media":0,"parent":1671,"menu_order":2,"comment_status":"closed","ping_status":"closed","template":"","meta":{"_acf_changed":false,"footnotes":""},"class_list":["post-1892","page","type-page","status-publish","hentry"],"acf":[],"yoast_head":"<!-- This site is optimized with the Yoast SEO plugin v27.6 - https:\/\/yoast.com\/product\/yoast-seo-wordpress\/ -->\n<title>Cleaning balls - TRANSPORT PNEUMATYCZNY UCC FLAKT, DONALDSON POLSKA ULTRAFILTER FILTRY UZDATNIANIE POWIETRZA OSUSZACZE THORTEX UNIREP 3M - GRC<\/title>\n<meta name=\"description\" content=\"Rubber - sponge cleaning beads are the basis of Taprogge cleaning systems and are suitable for any type of cooling water systems to 80 \u00b0 C. Balls\" \/>\n<meta name=\"robots\" content=\"index, follow, max-snippet:-1, max-image-preview:large, max-video-preview:-1\" \/>\n<link rel=\"canonical\" href=\"https:\/\/www.grc.pl\/en\/our-offer\/taprogge-condenser-tube-cleaning-systems\/kulki-czyszczace-gabczaste\/\" \/>\n<meta property=\"og:locale\" content=\"en_US\" \/>\n<meta property=\"og:type\" content=\"article\" \/>\n<meta property=\"og:title\" content=\"Cleaning balls - TRANSPORT PNEUMATYCZNY UCC FLAKT, DONALDSON POLSKA ULTRAFILTER FILTRY UZDATNIANIE POWIETRZA OSUSZACZE THORTEX UNIREP 3M - GRC\" \/>\n<meta property=\"og:description\" content=\"Rubber - sponge cleaning beads are the basis of Taprogge cleaning systems and are suitable for any type of cooling water systems to 80 \u00b0 C. Balls\" \/>\n<meta property=\"og:url\" content=\"https:\/\/www.grc.pl\/en\/our-offer\/taprogge-condenser-tube-cleaning-systems\/kulki-czyszczace-gabczaste\/\" \/>\n<meta property=\"og:site_name\" content=\"GRC\" \/>\n<meta property=\"article:modified_time\" content=\"2017-07-10T10:18:24+00:00\" \/>\n<meta property=\"og:image\" content=\"https:\/\/www.grc.pl\/wp-content\/uploads\/kulki_g\u0105bczaste.png\" \/>\n<meta name=\"twitter:card\" content=\"summary_large_image\" \/>\n<meta name=\"twitter:label1\" content=\"Est. reading time\" \/>\n\t<meta name=\"twitter:data1\" content=\"2 minutes\" \/>\n<script type=\"application\/ld+json\" class=\"yoast-schema-graph\">{\"@context\":\"https:\\\/\\\/schema.org\",\"@graph\":[{\"@type\":\"WebPage\",\"@id\":\"https:\\\/\\\/www.grc.pl\\\/en\\\/our-offer\\\/taprogge-condenser-tube-cleaning-systems\\\/kulki-czyszczace-gabczaste\\\/\",\"url\":\"https:\\\/\\\/www.grc.pl\\\/en\\\/our-offer\\\/taprogge-condenser-tube-cleaning-systems\\\/kulki-czyszczace-gabczaste\\\/\",\"name\":\"Cleaning balls - TRANSPORT PNEUMATYCZNY UCC FLAKT, DONALDSON POLSKA ULTRAFILTER FILTRY UZDATNIANIE POWIETRZA OSUSZACZE THORTEX UNIREP 3M - GRC\",\"isPartOf\":{\"@id\":\"https:\\\/\\\/www.grc.pl\\\/#website\"},\"datePublished\":\"2016-06-23T12:55:28+00:00\",\"dateModified\":\"2017-07-10T10:18:24+00:00\",\"description\":\"Rubber - sponge cleaning beads are the basis of Taprogge cleaning systems and are suitable for any type of cooling water systems to 80 \u00b0 C. Balls\",\"breadcrumb\":{\"@id\":\"https:\\\/\\\/www.grc.pl\\\/en\\\/our-offer\\\/taprogge-condenser-tube-cleaning-systems\\\/kulki-czyszczace-gabczaste\\\/#breadcrumb\"},\"inLanguage\":\"en-US\",\"potentialAction\":[{\"@type\":\"ReadAction\",\"target\":[\"https:\\\/\\\/www.grc.pl\\\/en\\\/our-offer\\\/taprogge-condenser-tube-cleaning-systems\\\/kulki-czyszczace-gabczaste\\\/\"]}]},{\"@type\":\"BreadcrumbList\",\"@id\":\"https:\\\/\\\/www.grc.pl\\\/en\\\/our-offer\\\/taprogge-condenser-tube-cleaning-systems\\\/kulki-czyszczace-gabczaste\\\/#breadcrumb\",\"itemListElement\":[{\"@type\":\"ListItem\",\"position\":1,\"name\":\"Homepage\",\"item\":\"https:\\\/\\\/www.grc.pl\\\/en\\\/\"},{\"@type\":\"ListItem\",\"position\":2,\"name\":\"OUR OFFER\",\"item\":\"https:\\\/\\\/www.grc.pl\\\/en\\\/our-offer\\\/\"},{\"@type\":\"ListItem\",\"position\":3,\"name\":\"Taprogge- condenser tube cleaning systems\",\"item\":\"https:\\\/\\\/www.grc.pl\\\/en\\\/our-offer\\\/taprogge-condenser-tube-cleaning-systems\\\/\"},{\"@type\":\"ListItem\",\"position\":4,\"name\":\"Cleaning balls\"}]},{\"@type\":\"WebSite\",\"@id\":\"https:\\\/\\\/www.grc.pl\\\/#website\",\"url\":\"https:\\\/\\\/www.grc.pl\\\/\",\"name\":\"GRC\",\"description\":\"Takraf, Nirafon, Mark and Wedell, Taprogge Polska, Elin Motoren\",\"potentialAction\":[{\"@type\":\"SearchAction\",\"target\":{\"@type\":\"EntryPoint\",\"urlTemplate\":\"https:\\\/\\\/www.grc.pl\\\/?s={search_term_string}\"},\"query-input\":{\"@type\":\"PropertyValueSpecification\",\"valueRequired\":true,\"valueName\":\"search_term_string\"}}],\"inLanguage\":\"en-US\"}]}<\/script>\n<!-- \/ Yoast SEO plugin. -->","yoast_head_json":{"title":"Cleaning balls - TRANSPORT PNEUMATYCZNY UCC FLAKT, DONALDSON POLSKA ULTRAFILTER FILTRY UZDATNIANIE POWIETRZA OSUSZACZE THORTEX UNIREP 3M - GRC","description":"Rubber - sponge cleaning beads are the basis of Taprogge cleaning systems and are suitable for any type of cooling water systems to 80 \u00b0 C. Balls","robots":{"index":"index","follow":"follow","max-snippet":"max-snippet:-1","max-image-preview":"max-image-preview:large","max-video-preview":"max-video-preview:-1"},"canonical":"https:\/\/www.grc.pl\/en\/our-offer\/taprogge-condenser-tube-cleaning-systems\/kulki-czyszczace-gabczaste\/","og_locale":"en_US","og_type":"article","og_title":"Cleaning balls - TRANSPORT PNEUMATYCZNY UCC FLAKT, DONALDSON POLSKA ULTRAFILTER FILTRY UZDATNIANIE POWIETRZA OSUSZACZE THORTEX UNIREP 3M - GRC","og_description":"Rubber - sponge cleaning beads are the basis of Taprogge cleaning systems and are suitable for any type of cooling water systems to 80 \u00b0 C. Balls","og_url":"https:\/\/www.grc.pl\/en\/our-offer\/taprogge-condenser-tube-cleaning-systems\/kulki-czyszczace-gabczaste\/","og_site_name":"GRC","article_modified_time":"2017-07-10T10:18:24+00:00","og_image":[{"url":"https:\/\/www.grc.pl\/wp-content\/uploads\/kulki_g\u0105bczaste.png","type":"","width":"","height":""}],"twitter_card":"summary_large_image","twitter_misc":{"Est. reading time":"2 minutes"},"schema":{"@context":"https:\/\/schema.org","@graph":[{"@type":"WebPage","@id":"https:\/\/www.grc.pl\/en\/our-offer\/taprogge-condenser-tube-cleaning-systems\/kulki-czyszczace-gabczaste\/","url":"https:\/\/www.grc.pl\/en\/our-offer\/taprogge-condenser-tube-cleaning-systems\/kulki-czyszczace-gabczaste\/","name":"Cleaning balls - TRANSPORT PNEUMATYCZNY UCC FLAKT, DONALDSON POLSKA ULTRAFILTER FILTRY UZDATNIANIE POWIETRZA OSUSZACZE THORTEX UNIREP 3M - GRC","isPartOf":{"@id":"https:\/\/www.grc.pl\/#website"},"datePublished":"2016-06-23T12:55:28+00:00","dateModified":"2017-07-10T10:18:24+00:00","description":"Rubber - sponge cleaning beads are the basis of Taprogge cleaning systems and are suitable for any type of cooling water systems to 80 \u00b0 C. Balls","breadcrumb":{"@id":"https:\/\/www.grc.pl\/en\/our-offer\/taprogge-condenser-tube-cleaning-systems\/kulki-czyszczace-gabczaste\/#breadcrumb"},"inLanguage":"en-US","potentialAction":[{"@type":"ReadAction","target":["https:\/\/www.grc.pl\/en\/our-offer\/taprogge-condenser-tube-cleaning-systems\/kulki-czyszczace-gabczaste\/"]}]},{"@type":"BreadcrumbList","@id":"https:\/\/www.grc.pl\/en\/our-offer\/taprogge-condenser-tube-cleaning-systems\/kulki-czyszczace-gabczaste\/#breadcrumb","itemListElement":[{"@type":"ListItem","position":1,"name":"Homepage","item":"https:\/\/www.grc.pl\/en\/"},{"@type":"ListItem","position":2,"name":"OUR OFFER","item":"https:\/\/www.grc.pl\/en\/our-offer\/"},{"@type":"ListItem","position":3,"name":"Taprogge- condenser tube cleaning systems","item":"https:\/\/www.grc.pl\/en\/our-offer\/taprogge-condenser-tube-cleaning-systems\/"},{"@type":"ListItem","position":4,"name":"Cleaning balls"}]},{"@type":"WebSite","@id":"https:\/\/www.grc.pl\/#website","url":"https:\/\/www.grc.pl\/","name":"GRC","description":"Takraf, Nirafon, Mark and Wedell, Taprogge Polska, Elin Motoren","potentialAction":[{"@type":"SearchAction","target":{"@type":"EntryPoint","urlTemplate":"https:\/\/www.grc.pl\/?s={search_term_string}"},"query-input":{"@type":"PropertyValueSpecification","valueRequired":true,"valueName":"search_term_string"}}],"inLanguage":"en-US"}]}},"_links":{"self":[{"href":"https:\/\/www.grc.pl\/en\/wp-json\/wp\/v2\/pages\/1892","targetHints":{"allow":["GET"]}}],"collection":[{"href":"https:\/\/www.grc.pl\/en\/wp-json\/wp\/v2\/pages"}],"about":[{"href":"https:\/\/www.grc.pl\/en\/wp-json\/wp\/v2\/types\/page"}],"author":[{"embeddable":true,"href":"https:\/\/www.grc.pl\/en\/wp-json\/wp\/v2\/users\/1"}],"replies":[{"embeddable":true,"href":"https:\/\/www.grc.pl\/en\/wp-json\/wp\/v2\/comments?post=1892"}],"version-history":[{"count":4,"href":"https:\/\/www.grc.pl\/en\/wp-json\/wp\/v2\/pages\/1892\/revisions"}],"predecessor-version":[{"id":1902,"href":"https:\/\/www.grc.pl\/en\/wp-json\/wp\/v2\/pages\/1892\/revisions\/1902"}],"up":[{"embeddable":true,"href":"https:\/\/www.grc.pl\/en\/wp-json\/wp\/v2\/pages\/1671"}],"wp:attachment":[{"href":"https:\/\/www.grc.pl\/en\/wp-json\/wp\/v2\/media?parent=1892"}],"curies":[{"name":"wp","href":"https:\/\/api.w.org\/{rel}","templated":true}]}}